{"id":3022,"date":"2021-03-02T14:35:07","date_gmt":"2021-03-02T14:35:07","guid":{"rendered":"https:\/\/lbo2.localbiodiversityoutlooks.net\/home\/"},"modified":"2021-03-02T15:14:12","modified_gmt":"2021-03-02T15:14:12","slug":"home","status":"publish","type":"page","link":"https:\/\/lbo2.localbiodiversityoutlooks.net\/es\/","title":{"rendered":"Hogar"},"content":{"rendered":"<p>[vc_row full_width=\u00bbstretch_row\u00bb full_height=\u00bbyes\u00bb columns_placement=\u00bbstretch\u00bb bg_type=\u00bbimage\u00bb parallax_style=\u00bbvcpb-default\u00bb bg_image_new=\u00bbid^593|url^https:\/\/lbo2.localbiodiversityoutlooks.net\/wp-content\/uploads\/2020\/11\/Home_Overlay_Web-Ready.jpg|caption^null|alt^null|title^Home_Overlay_Web-Ready|description^null\u00bb el_id=\u00bbhometopsection\u00bb][vc_column css=\u00bb.vc_custom_1604591530202{padding-top: 60px !important;padding-bottom: 60px !important;}\u00bb offset=\u00bbvc_hidden-xs\u00bb][vc_row_inner content_placement=\u00bbtop\u00bb][vc_column_inner width=\u00bb2\/3&#8243; css=\u00bb.vc_custom_1604587187897{border-top-width: 1px !important;border-right-width: 1px !important;border-bottom-width: 1px !important;border-left-width: 1px !important;padding-top: 36px !important;padding-right: 48px !important;padding-bottom: 15px !important;padding-left: 48px !important;border-left-color: #ffffff !important;border-left-style: solid !important;border-right-color: #ffffff !important;border-right-style: solid !important;border-top-color: #ffffff !important;border-top-style: solid !important;border-bottom-color: #ffffff !important;border-bottom-style: solid !important;}\u00bb][vc_column_text el_class=\u00bbwhite\u00bb]<\/p>\n<h1>Perspectivas Locales<br \/>\nsobre la Diversidad Biol\u00f3gica 2<\/h1>\n<p>[\/vc_column_text][vc_column_text el_class=\u00bbwhite\u00bb]<\/p>\n<h3>Las contribuciones de los pueblos ind\u00edgenas y las comunidades locales a la implementaci\u00f3n del Plan Estrat\u00e9gico para la Diversidad Biol\u00f3gica 2011-2020 y a la renovaci\u00f3n de la naturaleza y las culturas<\/h3>\n<p>[\/vc_column_text][\/vc_column_inner][vc_column_inner width=\u00bb1\/3&#8243; css=\u00bb.vc_custom_1604585744534{border-top-width: 1px !important;padding-top: 22px !important;padding-left: 24px !important;border-top-color: #ffffff !important;border-top-style: solid !important;}\u00bb][vc_single_image image=\u00bb161&#8243; img_size=\u00bb9&#215;9&#8243; alignment=\u00bbright\u00bb css=\u00bb.vc_custom_1599765456967{margin-top: -27px !important;margin-right: -16px !important;margin-bottom: -12px !important;}\u00bb][vc_column_text el_class=\u00bbwhite\u00bb css=\u00bb.vc_custom_1604590632036{margin-bottom: 0px !important;padding-right: -15px !important;}\u00bb]<\/p>\n<h6>Un complemento de la quinta edici\u00f3n de la <em>Perspectiva Mundial sobre la Diversidad Biol\u00f3gica<\/em>.<\/h6>\n<h6>Publicada por el Forest Peoples Programme, en colaboraci\u00f3n con: los Centros de Distinci\u00f3n sobre Conocimiento Ind\u00edgena y Local, la Red de Biodiversidad de Mujeres Ind\u00edgenas, el Foro Internacional Ind\u00edgena sobre Biodiversidad y la Secretar\u00eda del Convenio sobre la Diversidad Biol\u00f3gica.<\/h6>\n<p>[\/vc_column_text][vc_btn title=\u00bbLeer el informe\u00bb style=\u00bbcustom\u00bb custom_background=\u00bbrgba(255,255,255,0.01)\u00bb custom_text=\u00bb#ffffff\u00bb shape=\u00bbsquare\u00bb i_type=\u00bbthe7&#8243; i_icon_the7=\u00bbicomoon-the7-font-the7-arrow-29&#8243; add_icon=\u00bbtrue\u00bb smooth_scroll=\u00bbtrue\u00bb link=\u00bburl:https%3A%2F%2Flbo2.localbiodiversityoutlooks.net%2Fes%2Fabout%2F|\u00bb][vc_btn title=\u00bbResumen\u00bb style=\u00bbcustom\u00bb custom_background=\u00bbrgba(255,255,255,0.01)\u00bb custom_text=\u00bb#ffffff\u00bb shape=\u00bbsquare\u00bb i_type=\u00bbthe7&#8243; i_icon_the7=\u00bbicomoon-the7-font-the7-arrow-29-1&#8243; add_icon=\u00bbtrue\u00bb smooth_scroll=\u00bbtrue\u00bb link=\u00bburl:%23%21%2Foverview|\u00bb][\/vc_column_inner][\/vc_row_inner][\/vc_column][\/vc_row][vc_row full_width=\u00bbstretch_row_content_no_spaces\u00bb ult_hide_row=\u00bbult_hide_row_value\u00bb ult_hide_row_large_screen=\u00bblarge_screen\u00bb ult_hide_row_desktop=\u00bbdesktop\u00bb ult_hide_row_tablet=\u00bbtablet\u00bb ult_hide_row_tablet_small=\u00bbxs_tablet\u00bb css=\u00bb.vc_custom_1604592340731{margin-top: 0px !important;margin-bottom: 0px !important;}\u00bb][vc_column css=\u00bb.vc_custom_1604592461693{padding-top: 0px !important;padding-bottom: 0px !important;}\u00bb offset=\u00bbvc_hidden-lg vc_hidden-md vc_hidden-sm\u00bb][vc_single_image image=\u00bb92&#8243; img_size=\u00bbfull\u00bb alignment=\u00bbcenter\u00bb][\/vc_column][\/vc_row][vc_row full_width=\u00bbstretch_row\u00bb ult_hide_row=\u00bbult_hide_row_value\u00bb ult_hide_row_large_screen=\u00bblarge_screen\u00bb ult_hide_row_desktop=\u00bbdesktop\u00bb ult_hide_row_tablet=\u00bbtablet\u00bb ult_hide_row_tablet_small=\u00bbxs_tablet\u00bb css=\u00bb.vc_custom_1604576863839{margin-top: 0px !important;margin-bottom: 0px !important;}\u00bb][vc_column css=\u00bb.vc_custom_1604592471344{padding-top: 0px !important;padding-bottom: 30px !important;}\u00bb offset=\u00bbvc_hidden-lg vc_hidden-md vc_hidden-sm\u00bb][vc_row_inner css=\u00bb.vc_custom_1604576635202{margin-right: 12px !important;margin-left: 12px !important;border-top-width: 1px !important;border-right-width: 1px !important;border-bottom-width: 1px !important;border-left-width: 1px !important;border-left-color: #2b2e34 !important;border-left-style: solid !important;border-right-color: #2b2e34 !important;border-right-style: solid !important;border-top-color: #2b2e34 !important;border-top-style: solid !important;border-bottom-color: #2b2e34 !important;border-bottom-style: solid !important;}\u00bb][vc_column_inner css=\u00bb.vc_custom_1599757851404{padding-top: 18px !important;padding-right: 18px !important;padding-bottom: 6px !important;padding-left: 27px !important;}\u00bb][vc_column_text]<\/p>\n<h1>Perspectivas Locales<br \/>\nsobre la Diversidad Biol\u00f3gica 2<\/h1>\n<p>[\/vc_column_text][vc_column_text]<\/p>\n<h3>Las contribuciones de los pueblos ind\u00edgenas y las comunidades locales a la implementaci\u00f3n del Plan Estrat\u00e9gico para la Diversidad Biol\u00f3gica 2011-2020 y a la renovaci\u00f3n de la naturaleza y las culturas<\/h3>\n<p>[\/vc_column_text][\/vc_column_inner][\/vc_row_inner][vc_row_inner css=\u00bb.vc_custom_1604576620195{margin-bottom: 0px !important;margin-left: 12px !important;border-left-width: 1px !important;padding-right: 24px !important;padding-bottom: 0px !important;padding-left: 12px !important;border-left-color: #2b2e34 !important;border-left-style: solid !important;}\u00bb][vc_column_inner css=\u00bb.vc_custom_1599757535256{padding-top: 36px !important;padding-left: 18px !important;}\u00bb][vc_column_text css=\u00bb.vc_custom_1604590409370{margin-bottom: 18px !important;}\u00bb]<\/p>\n<h6>Un complemento de la quinta edici\u00f3n de la <em>Perspectiva Mundial sobre la Diversidad Biol\u00f3gica<\/em>.<\/h6>\n<h6>Publicada por el Forest Peoples Programme, en colaboraci\u00f3n con: los Centros de Distinci\u00f3n sobre Conocimiento Ind\u00edgena y Local, la Red de Biodiversidad de Mujeres Ind\u00edgenas, el Foro Internacional Ind\u00edgena sobre Biodiversidad y la Secretar\u00eda del Convenio sobre la Diversidad Biol\u00f3gica.<\/h6>\n<p>[\/vc_column_text][vc_btn title=\u00bbLeer el informe\u00bb style=\u00bbcustom\u00bb custom_background=\u00bbrgba(255,255,255,0.01)\u00bb custom_text=\u00bb#2b2e34&#8243; shape=\u00bbsquare\u00bb i_type=\u00bbthe7&#8243; i_icon_the7=\u00bbicomoon-the7-font-the7-arrow-29&#8243; add_icon=\u00bbtrue\u00bb smooth_scroll=\u00bbtrue\u00bb link=\u00bburl:https%3A%2F%2Flbo2.localbiodiversityoutlooks.net%2Fes%2Fabout%2F|\u00bb css=\u00bb.vc_custom_1604672118635{padding-bottom: 12px !important;}\u00bb][vc_single_image image=\u00bb508&#8243; img_size=\u00bb9&#215;9&#8243; css=\u00bb.vc_custom_1604576580950{margin-bottom: -33px !important;margin-left: -35px !important;padding-bottom: 0px !important;}\u00bb][\/vc_column_inner][\/vc_row_inner][\/vc_column][\/vc_row][vc_row css=\u00bb.vc_custom_1604598648877{padding-top: 108px !important;}\u00bb el_id=\u00bboverview\u00bb][vc_column width=\u00bb1\/3&#8243;][vc_single_image image=\u00bb647&#8243; img_size=\u00bbfull\u00bb onclick=\u00bbcustom_link\u00bb css=\u00bb.vc_custom_1605710140910{margin-bottom: -1px !important;border-top-width: 1px !important;border-right-width: 1px !important;border-bottom-width: 1px !important;border-left-width: 1px !important;border-left-color: #2b2e34 !important;border-left-style: solid !important;border-right-color: #2b2e34 !important;border-right-style: solid !important;border-top-color: #2b2e34 !important;border-top-style: solid !important;border-bottom-color: #2b2e34 !important;border-bottom-style: solid !important;border-radius: 1px !important;}\u00bb link=\u00bbhttps:\/\/lbo2.localbiodiversityoutlooks.net\/about\/\u00bb][vc_row_inner css=\u00bb.vc_custom_1603713535343{margin-bottom: 0px !important;margin-left: 0px !important;border-left-width: 1px !important;padding-bottom: 0px !important;padding-left: 12px !important;border-left-color: #2b2e34 !important;border-left-style: solid !important;border-radius: 1px !important;}\u00bb][vc_column_inner css=\u00bb.vc_custom_1603713477954{margin-bottom: 0px !important;padding-bottom: 0px !important;}\u00bb][vc_single_image image=\u00bb508&#8243; img_size=\u00bb9&#215;9&#8243; css=\u00bb.vc_custom_1604510058898{margin-top: 0px !important;margin-bottom: 0px !important;margin-left: -32px !important;padding-top: 0px !important;padding-bottom: 0px !important;}\u00bb el_class=\u00bbzeromargin\u00bb][\/vc_column_inner][\/vc_row_inner][vc_row_inner][vc_column_inner css=\u00bb.vc_custom_1604510101208{margin-top: -58px !important;margin-left: 24px !important;padding-right: 39px !important;}\u00bb][vc_column_text]<\/p>\n<h2><a href=\"https:\/\/lbo2.localbiodiversityoutlooks.net\/es\/about\/\"><strong>About<\/strong><\/a><\/h2>\n<p>[\/vc_column_text][\/vc_column_inner][\/vc_row_inner][\/vc_column][vc_column width=\u00bb1\/3&#8243; offset=\u00bbvc_col-md-offset-0 vc_col-sm-offset-2&#8243;][vc_single_image image=\u00bb650&#8243; img_size=\u00bbfull\u00bb onclick=\u00bbcustom_link\u00bb css=\u00bb.vc_custom_1605710219406{margin-bottom: -1px !important;border-top-width: 1px !important;border-right-width: 1px !important;border-bottom-width: 1px !important;border-left-width: 1px !important;border-left-color: #2b2e34 !important;border-left-style: solid !important;border-right-color: #2b2e34 !important;border-right-style: solid !important;border-top-color: #2b2e34 !important;border-top-style: solid !important;border-bottom-color: #2b2e34 !important;border-bottom-style: solid !important;border-radius: 1px !important;}\u00bb link=\u00bbhttps:\/\/lbo2.localbiodiversityoutlooks.net\/introduction\/\u00bb][vc_row_inner css=\u00bb.vc_custom_1603713535343{margin-bottom: 0px !important;margin-left: 0px !important;border-left-width: 1px !important;padding-bottom: 0px !important;padding-left: 12px !important;border-left-color: #2b2e34 !important;border-left-style: solid !important;border-radius: 1px !important;}\u00bb][vc_column_inner css=\u00bb.vc_custom_1603713477954{margin-bottom: 0px !important;padding-bottom: 0px !important;}\u00bb][vc_single_image image=\u00bb508&#8243; img_size=\u00bb9&#215;9&#8243; css=\u00bb.vc_custom_1604510058898{margin-top: 0px !important;margin-bottom: 0px !important;margin-left: -32px !important;padding-top: 0px !important;padding-bottom: 0px !important;}\u00bb el_class=\u00bbzeromargin\u00bb][\/vc_column_inner][\/vc_row_inner][vc_row_inner][vc_column_inner css=\u00bb.vc_custom_1604510101208{margin-top: -58px !important;margin-left: 24px !important;padding-right: 39px !important;}\u00bb][vc_column_text]<\/p>\n<h2><a href=\"https:\/\/lbo2.localbiodiversityoutlooks.net\/es\/introduccion\/\"><strong>1\u1d43 Parte<\/strong><\/a><\/h2>\n<p>[\/vc_column_text][\/vc_column_inner][\/vc_row_inner][\/vc_column][vc_column width=\u00bb1\/3&#8243;][vc_single_image image=\u00bb653&#8243; img_size=\u00bbfull\u00bb onclick=\u00bbcustom_link\u00bb css=\u00bb.vc_custom_1605710295692{margin-bottom: -1px !important;border-top-width: 1px !important;border-right-width: 1px !important;border-bottom-width: 1px !important;border-left-width: 1px !important;border-left-color: #2b2e34 !important;border-left-style: solid !important;border-right-color: #2b2e34 !important;border-right-style: solid !important;border-top-color: #2b2e34 !important;border-top-style: solid !important;border-bottom-color: #2b2e34 !important;border-bottom-style: solid !important;border-radius: 1px !important;}\u00bb link=\u00bbhttps:\/\/lbo2.localbiodiversityoutlooks.net\/target-1-awareness-of-biodiversity-increased\/\u00bb][vc_row_inner css=\u00bb.vc_custom_1603713535343{margin-bottom: 0px !important;margin-left: 0px !important;border-left-width: 1px !important;padding-bottom: 0px !important;padding-left: 12px !important;border-left-color: #2b2e34 !important;border-left-style: solid !important;border-radius: 1px !important;}\u00bb][vc_column_inner css=\u00bb.vc_custom_1603713477954{margin-bottom: 0px !important;padding-bottom: 0px !important;}\u00bb][vc_single_image image=\u00bb508&#8243; img_size=\u00bb9&#215;9&#8243; css=\u00bb.vc_custom_1604510058898{margin-top: 0px !important;margin-bottom: 0px !important;margin-left: -32px !important;padding-top: 0px !important;padding-bottom: 0px !important;}\u00bb el_class=\u00bbzeromargin\u00bb][\/vc_column_inner][\/vc_row_inner][vc_row_inner][vc_column_inner css=\u00bb.vc_custom_1604510101208{margin-top: -58px !important;margin-left: 24px !important;padding-right: 39px !important;}\u00bb][vc_column_text]<\/p>\n<h2><a href=\"https:\/\/lbo2.localbiodiversityoutlooks.net\/es\/meta-1-mayor-conciencia-sobre-la-diversidad-biologica\/\"><strong>2\u00aa Parte<\/strong><\/a><\/h2>\n<p>[\/vc_column_text][\/vc_column_inner][\/vc_row_inner][\/vc_column][\/vc_row][vc_row css=\u00bb.vc_custom_1604598478364{margin-top: 0px !important;padding-bottom: 12px !important;}\u00bb][vc_column width=\u00bb1\/3&#8243;][vc_single_image image=\u00bb656&#8243; img_size=\u00bbfull\u00bb onclick=\u00bbcustom_link\u00bb css=\u00bb.vc_custom_1605710347806{margin-bottom: -1px !important;border-top-width: 1px !important;border-right-width: 1px !important;border-bottom-width: 1px !important;border-left-width: 1px !important;border-left-color: #2b2e34 !important;border-left-style: solid !important;border-right-color: #2b2e34 !important;border-right-style: solid !important;border-top-color: #2b2e34 !important;border-top-style: solid !important;border-bottom-color: #2b2e34 !important;border-bottom-style: solid !important;border-radius: 1px !important;}\u00bb link=\u00bbhttps:\/\/lbo2.localbiodiversityoutlooks.net\/biodiversity-climate-change-and-sustainable-development\/\u00bb][vc_row_inner css=\u00bb.vc_custom_1603713535343{margin-bottom: 0px !important;margin-left: 0px !important;border-left-width: 1px !important;padding-bottom: 0px !important;padding-left: 12px !important;border-left-color: #2b2e34 !important;border-left-style: solid !important;border-radius: 1px !important;}\u00bb][vc_column_inner css=\u00bb.vc_custom_1603713477954{margin-bottom: 0px !important;padding-bottom: 0px !important;}\u00bb][vc_single_image image=\u00bb508&#8243; img_size=\u00bb9&#215;9&#8243; css=\u00bb.vc_custom_1604510058898{margin-top: 0px !important;margin-bottom: 0px !important;margin-left: -32px !important;padding-top: 0px !important;padding-bottom: 0px !important;}\u00bb el_class=\u00bbzeromargin\u00bb][\/vc_column_inner][\/vc_row_inner][vc_row_inner][vc_column_inner css=\u00bb.vc_custom_1604510101208{margin-top: -58px !important;margin-left: 24px !important;padding-right: 39px !important;}\u00bb][vc_column_text]<\/p>\n<h2><a href=\"https:\/\/lbo2.localbiodiversityoutlooks.net\/es\/diversidad-biologica-cambio-climatico-y-desarrollo-sostenible\/\"><strong>3\u1d43 Parte<\/strong><\/a><\/h2>\n<p>[\/vc_column_text][\/vc_column_inner][\/vc_row_inner][\/vc_column][vc_column width=\u00bb1\/3&#8243; offset=\u00bbvc_col-md-offset-0 vc_col-sm-offset-2&#8243;][vc_single_image image=\u00bb659&#8243; img_size=\u00bbfull\u00bb onclick=\u00bbcustom_link\u00bb css=\u00bb.vc_custom_1605710509520{margin-bottom: -1px !important;border-top-width: 1px !important;border-right-width: 1px !important;border-bottom-width: 1px !important;border-left-width: 1px !important;border-left-color: #2b2e34 !important;border-left-style: solid !important;border-right-color: #2b2e34 !important;border-right-style: solid !important;border-top-color: #2b2e34 !important;border-top-style: solid !important;border-bottom-color: #2b2e34 !important;border-bottom-style: solid !important;border-radius: 1px !important;}\u00bb link=\u00bbhttps:\/\/lbo2.localbiodiversityoutlooks.net\/transitions-towards-living-in-harmony-with-nature\/\u00bb][vc_row_inner css=\u00bb.vc_custom_1603713535343{margin-bottom: 0px !important;margin-left: 0px !important;border-left-width: 1px !important;padding-bottom: 0px !important;padding-left: 12px !important;border-left-color: #2b2e34 !important;border-left-style: solid !important;border-radius: 1px !important;}\u00bb][vc_column_inner css=\u00bb.vc_custom_1603713477954{margin-bottom: 0px !important;padding-bottom: 0px !important;}\u00bb][vc_single_image image=\u00bb508&#8243; img_size=\u00bb9&#215;9&#8243; css=\u00bb.vc_custom_1604510058898{margin-top: 0px !important;margin-bottom: 0px !important;margin-left: -32px !important;padding-top: 0px !important;padding-bottom: 0px !important;}\u00bb el_class=\u00bbzeromargin\u00bb][\/vc_column_inner][\/vc_row_inner][vc_row_inner][vc_column_inner css=\u00bb.vc_custom_1604510101208{margin-top: -58px !important;margin-left: 24px !important;padding-right: 39px !important;}\u00bb][vc_column_text]<\/p>\n<h2><a href=\"https:\/\/lbo2.localbiodiversityoutlooks.net\/es\/transiciones-hacia-una-vida-en-armonia-con-la-naturaleza\/\"><strong>4\u1d43 Parte<\/strong><\/a><\/h2>\n<p>[\/vc_column_text][\/vc_column_inner][\/vc_row_inner][\/vc_column][vc_column width=\u00bb1\/3&#8243;][vc_single_image image=\u00bb662&#8243; img_size=\u00bbfull\u00bb onclick=\u00bbcustom_link\u00bb css=\u00bb.vc_custom_1605710538066{margin-bottom: -1px !important;border-top-width: 1px !important;border-right-width: 1px !important;border-bottom-width: 1px !important;border-left-width: 1px !important;border-left-color: #2b2e34 !important;border-left-style: solid !important;border-right-color: #2b2e34 !important;border-right-style: solid !important;border-top-color: #2b2e34 !important;border-top-style: solid !important;border-bottom-color: #2b2e34 !important;border-bottom-style: solid !important;border-radius: 1px !important;}\u00bb link=\u00bbhttps:\/\/lbo2.localbiodiversityoutlooks.net\/iplc-contributions-to-the-2050-vision\/\u00bb][vc_row_inner css=\u00bb.vc_custom_1603713535343{margin-bottom: 0px !important;margin-left: 0px !important;border-left-width: 1px !important;padding-bottom: 0px !important;padding-left: 12px !important;border-left-color: #2b2e34 !important;border-left-style: solid !important;border-radius: 1px !important;}\u00bb][vc_column_inner css=\u00bb.vc_custom_1603713477954{margin-bottom: 0px !important;padding-bottom: 0px !important;}\u00bb][vc_single_image image=\u00bb508&#8243; img_size=\u00bb9&#215;9&#8243; css=\u00bb.vc_custom_1604510058898{margin-top: 0px !important;margin-bottom: 0px !important;margin-left: -32px !important;padding-top: 0px !important;padding-bottom: 0px !important;}\u00bb el_class=\u00bbzeromargin\u00bb][\/vc_column_inner][\/vc_row_inner][vc_row_inner][vc_column_inner css=\u00bb.vc_custom_1604510101208{margin-top: -58px !important;margin-left: 24px !important;padding-right: 39px !important;}\u00bb][vc_column_text]<\/p>\n<h2><a href=\"https:\/\/lbo2.localbiodiversityoutlooks.net\/es\/iplc-contributions-to-the-2050-vision\/\"><strong>5\u1d43 Parte<\/strong><\/a><\/h2>\n<p>[\/vc_column_text][\/vc_column_inner][\/vc_row_inner][\/vc_column][\/vc_row]<\/p>\n","protected":false},"excerpt":{"rendered":"<p>[vc_row full_width=\u00bbstretch_row\u00bb full_height=\u00bbyes\u00bb columns_placement=\u00bbstretch\u00bb bg_type=\u00bbimage\u00bb parallax_style=\u00bbvcpb-default\u00bb bg_image_new=\u00bbid^593|url^https:\/\/lbo2.localbiodiversityoutlooks.net\/wp-content\/uploads\/2020\/11\/Home_Overlay_Web-Ready.jpg|caption^null|alt^null|title^Home_Overlay_Web-Ready|description^null\u00bb el_id=\u00bbhometopsection\u00bb][vc_column css=\u00bb.vc_custom_1604591530202{padding-top: 60px !important;padding-bottom: 60px !important;}\u00bb offset=\u00bbvc_hidden-xs\u00bb][vc_row_inner content_placement=\u00bbtop\u00bb][vc_column_inner width=\u00bb2\/3&#8243; css=\u00bb.vc_custom_1604587187897{border-top-width: 1px !important;border-right-width: 1px !important;border-bottom-width: 1px !important;border-left-width: 1px !important;padding-top: 36px !important;padding-right: 48px !important;padding-bottom: 15px !important;padding-left: 48px !important;border-left-color: #ffffff !important;border-left-style: solid !important;border-right-color: #ffffff !important;border-right-style: solid !important;border-top-color: #ffffff !important;border-top-style: solid !important;border-bottom-color: #ffffff !important;border-bottom-style: solid !important;}\u00bb][vc_column_text el_class=\u00bbwhite\u00bb] Perspectivas Locales sobre la Diversidad&hellip;<\/p>\n","protected":false},"author":1,"featured_media":0,"parent":0,"menu_order":0,"comment_status":"closed","ping_status":"closed","template":"","meta":[],"yoast_head":"<!-- This site is optimized with the Yoast SEO plugin v15.9 - https:\/\/yoast.com\/wordpress\/plugins\/seo\/ -->\n<title>Hogar &bull; Perspectivas Locales sobre la Diversidad Biol\u00f3gica 2<\/title>\n<meta name=\"robots\" content=\"index, follow, max-snippet:-1, max-image-preview:large, max-video-preview:-1\" \/>\n<link rel=\"canonical\" href=\"https:\/\/lbo2.localbiodiversityoutlooks.net\/es\/\" \/>\n<meta property=\"og:locale\" content=\"es_ES\" \/>\n<meta property=\"og:type\" content=\"article\" \/>\n<meta property=\"og:title\" content=\"Hogar &bull; Perspectivas Locales sobre la Diversidad Biol\u00f3gica 2\" \/>\n<meta property=\"og:description\" content=\"[vc_row full_width=\u00bbstretch_row\u00bb full_height=\u00bbyes\u00bb columns_placement=\u00bbstretch\u00bb bg_type=\u00bbimage\u00bb parallax_style=\u00bbvcpb-default\u00bb bg_image_new=\u00bbid^593|url^https:\/\/lbo2.localbiodiversityoutlooks.net\/wp-content\/uploads\/2020\/11\/Home_Overlay_Web-Ready.jpg|caption^null|alt^null|title^Home_Overlay_Web-Ready|description^null\u00bb el_id=\u00bbhometopsection\u00bb][vc_column css=\u00bb.vc_custom_1604591530202{padding-top: 60px !important;padding-bottom: 60px !important;}\u00bb offset=\u00bbvc_hidden-xs\u00bb][vc_row_inner content_placement=\u00bbtop\u00bb][vc_column_inner width=\u00bb2\/3&#8243; css=\u00bb.vc_custom_1604587187897{border-top-width: 1px !important;border-right-width: 1px !important;border-bottom-width: 1px !important;border-left-width: 1px !important;padding-top: 36px !important;padding-right: 48px !important;padding-bottom: 15px !important;padding-left: 48px !important;border-left-color: #ffffff !important;border-left-style: solid !important;border-right-color: #ffffff !important;border-right-style: solid !important;border-top-color: #ffffff !important;border-top-style: solid !important;border-bottom-color: #ffffff !important;border-bottom-style: solid !important;}\u00bb][vc_column_text el_class=\u00bbwhite\u00bb] Perspectivas Locales sobre la Diversidad&hellip;\" \/>\n<meta property=\"og:url\" content=\"https:\/\/lbo2.localbiodiversityoutlooks.net\/es\/\" \/>\n<meta property=\"og:site_name\" content=\"Perspectivas Locales sobre la Diversidad Biol\u00f3gica 2\" \/>\n<meta property=\"article:modified_time\" content=\"2021-03-02T15:14:12+00:00\" \/>\n<meta name=\"twitter:card\" content=\"summary_large_image\" \/>\n<meta name=\"twitter:label1\" content=\"Tiempo de lectura\">\n\t<meta name=\"twitter:data1\" content=\"10 minutos\">\n<script type=\"application\/ld+json\" class=\"yoast-schema-graph\">{\"@context\":\"https:\/\/schema.org\",\"@graph\":[{\"@type\":\"WebSite\",\"@id\":\"https:\/\/lbo2.localbiodiversityoutlooks.net\/#website\",\"url\":\"https:\/\/lbo2.localbiodiversityoutlooks.net\/\",\"name\":\"Local Biodiversity Outlooks 2\",\"description\":\"A complement to the fifth edition of the Global Biodiversity Outlook\",\"potentialAction\":[{\"@type\":\"SearchAction\",\"target\":\"https:\/\/lbo2.localbiodiversityoutlooks.net\/?s={search_term_string}\",\"query-input\":\"required name=search_term_string\"}],\"inLanguage\":\"es\"},{\"@type\":\"WebPage\",\"@id\":\"https:\/\/lbo2.localbiodiversityoutlooks.net\/es\/#webpage\",\"url\":\"https:\/\/lbo2.localbiodiversityoutlooks.net\/es\/\",\"name\":\"Hogar &bull; Perspectivas Locales sobre la Diversidad Biol\\u00f3gica 2\",\"isPartOf\":{\"@id\":\"https:\/\/lbo2.localbiodiversityoutlooks.net\/#website\"},\"datePublished\":\"2021-03-02T14:35:07+00:00\",\"dateModified\":\"2021-03-02T15:14:12+00:00\",\"breadcrumb\":{\"@id\":\"https:\/\/lbo2.localbiodiversityoutlooks.net\/es\/#breadcrumb\"},\"inLanguage\":\"es\",\"potentialAction\":[{\"@type\":\"ReadAction\",\"target\":[\"https:\/\/lbo2.localbiodiversityoutlooks.net\/es\/\"]}]},{\"@type\":\"BreadcrumbList\",\"@id\":\"https:\/\/lbo2.localbiodiversityoutlooks.net\/es\/#breadcrumb\",\"itemListElement\":[{\"@type\":\"ListItem\",\"position\":1,\"item\":{\"@type\":\"WebPage\",\"@id\":\"https:\/\/lbo2.localbiodiversityoutlooks.net\/es\/home\/\",\"url\":\"https:\/\/lbo2.localbiodiversityoutlooks.net\/es\/home\/\",\"name\":\"Home\"}},{\"@type\":\"ListItem\",\"position\":2,\"item\":{\"@type\":\"WebPage\",\"@id\":\"https:\/\/lbo2.localbiodiversityoutlooks.net\/es\/\",\"url\":\"https:\/\/lbo2.localbiodiversityoutlooks.net\/es\/\",\"name\":\"Hogar\"}}]}]}<\/script>\n<!-- \/ Yoast SEO plugin. -->","_links":{"self":[{"href":"https:\/\/lbo2.localbiodiversityoutlooks.net\/es\/wp-json\/wp\/v2\/pages\/3022"}],"collection":[{"href":"https:\/\/lbo2.localbiodiversityoutlooks.net\/es\/wp-json\/wp\/v2\/pages"}],"about":[{"href":"https:\/\/lbo2.localbiodiversityoutlooks.net\/es\/wp-json\/wp\/v2\/types\/page"}],"author":[{"embeddable":true,"href":"https:\/\/lbo2.localbiodiversityoutlooks.net\/es\/wp-json\/wp\/v2\/users\/1"}],"replies":[{"embeddable":true,"href":"https:\/\/lbo2.localbiodiversityoutlooks.net\/es\/wp-json\/wp\/v2\/comments?post=3022"}],"version-history":[{"count":12,"href":"https:\/\/lbo2.localbiodiversityoutlooks.net\/es\/wp-json\/wp\/v2\/pages\/3022\/revisions"}],"predecessor-version":[{"id":3054,"href":"https:\/\/lbo2.localbiodiversityoutlooks.net\/es\/wp-json\/wp\/v2\/pages\/3022\/revisions\/3054"}],"wp:attachment":[{"href":"https:\/\/lbo2.localbiodiversityoutlooks.net\/es\/wp-json\/wp\/v2\/media?parent=3022"}],"curies":[{"name":"wp","href":"https:\/\/api.w.org\/{rel}","templated":true}]}}